{"id":20960,"date":"2024-05-14T15:33:20","date_gmt":"2024-05-14T13:33:20","guid":{"rendered":"https:\/\/www.artmove-concept.com\/cultural-activities\/"},"modified":"2024-08-31T22:07:53","modified_gmt":"2024-08-31T20:07:53","slug":"cultural-activities","status":"publish","type":"page","link":"https:\/\/www.artmove-concept.com\/en\/cultural-activities\/","title":{"rendered":"Cultural activities"},"content":{"rendered":"\t\t<div data-elementor-type=\"wp-page\" data-elementor-id=\"20960\" class=\"elementor elementor-20960 elementor-19226\" data-elementor-post-type=\"page\">\n\t\t\t\t\t\t<section class=\"elementor-section elementor-top-section elementor-element elementor-element-fed9239 elementor-section-boxed elementor-section-height-default elementor-section-height-default\" data-id=\"fed9239\" data-element_type=\"section\" data-settings=\"{&quot;background_background&quot;:&quot;classic&quot;}\">\n\t\t\t\t\t\t<div class=\"elementor-container elementor-column-gap-extended\">\n\t\t\t\t\t<div class=\"elementor-column elementor-col-100 elementor-top-column elementor-element elementor-element-d5f9938\" data-id=\"d5f9938\" data-element_type=\"column\">\n\t\t\t<div class=\"elementor-widget-wrap elementor-element-populated\">\n\t\t\t\t\t\t<div class=\"elementor-element elementor-element-ae17510 elementor-widget elementor-widget-heading\" data-id=\"ae17510\" data-element_type=\"widget\" data-widget_type=\"heading.default\">\n\t\t\t\t<div class=\"elementor-widget-container\">\n\t\t\t\t\t<h2 class=\"elementor-heading-title elementor-size-default\">CULTURAL ACTIONS<\/h2>\t\t\t\t<\/div>\n\t\t\t\t<\/div>\n\t\t\t\t\t<\/div>\n\t\t<\/div>\n\t\t\t\t\t<\/div>\n\t\t<\/section>\n\t\t\t\t<section class=\"elementor-section elementor-top-section elementor-element elementor-element-245bf1f elementor-section-boxed elementor-section-height-default elementor-section-height-default\" data-id=\"245bf1f\" data-element_type=\"section\">\n\t\t\t\t\t\t<div class=\"elementor-container elementor-column-gap-no\">\n\t\t\t\t\t<div class=\"elementor-column elementor-col-100 elementor-top-column elementor-element elementor-element-ed6e834\" data-id=\"ed6e834\" data-element_type=\"column\">\n\t\t\t<div class=\"elementor-widget-wrap elementor-element-populated\">\n\t\t\t\t\t\t<section class=\"elementor-section elementor-inner-section elementor-element elementor-element-32610df elementor-section-content-middle elementor-section-boxed elementor-section-height-default elementor-section-height-default\" data-id=\"32610df\" data-element_type=\"section\">\n\t\t\t\t\t\t<div class=\"elementor-container elementor-column-gap-extended\">\n\t\t\t\t\t<div class=\"elementor-column elementor-col-100 elementor-inner-column elementor-element elementor-element-f56cd45\" data-id=\"f56cd45\" data-element_type=\"column\">\n\t\t\t<div class=\"elementor-widget-wrap elementor-element-populated\">\n\t\t\t\t\t\t<div class=\"elementor-element elementor-element-f431886 elementor-invisible elementor-widget elementor-widget-heading\" data-id=\"f431886\" data-element_type=\"widget\" data-settings=\"{&quot;_animation&quot;:&quot;fadeInUp&quot;}\" data-widget_type=\"heading.default\">\n\t\t\t\t<div class=\"elementor-widget-container\">\n\t\t\t\t\t<h2 class=\"elementor-heading-title elementor-size-default\">Cultural activities for all audiences<\/h2>\t\t\t\t<\/div>\n\t\t\t\t<\/div>\n\t\t\t\t<div class=\"elementor-element elementor-element-3accd3d elementor-invisible elementor-widget elementor-widget-text-editor\" data-id=\"3accd3d\" data-element_type=\"widget\" data-settings=\"{&quot;_animation&quot;:&quot;fadeInUp&quot;}\" data-widget_type=\"text-editor.default\">\n\t\t\t\t<div class=\"elementor-widget-container\">\n\t\t\t\t\t\t\t\t\t<p><em>Soria and Mehdi are keenly aware of the need to pass on their work.<br \/>\nIn parallel with their shows, they carry out cultural mediation activities throughout the year with a variety of audiences: secondary school students, children, dancers in training, people with disabilities, the socially disadvantaged, people in hospitals and prisons. <\/em><\/p>\n<p><em>These activities take the form of workshops in which participants are introduced to choreographic creation around the various themes of the company&#8217;s shows.<br \/>\nOver and above technical skills, these workshops aim to develop the sensitivity and musicality of the body through dance, and more broadly, to open up audiences to artistic practices. <\/em><\/p>\n\t\t\t\t\t\t\t\t<\/div>\n\t\t\t\t<\/div>\n\t\t\t\t\t<\/div>\n\t\t<\/div>\n\t\t\t\t\t<\/div>\n\t\t<\/section>\n\t\t\t\t\t<\/div>\n\t\t<\/div>\n\t\t\t\t\t<\/div>\n\t\t<\/section>\n\t\t\t\t<section class=\"elementor-section elementor-top-section elementor-element elementor-element-4a35a21 elementor-section-boxed elementor-section-height-default elementor-section-height-default\" data-id=\"4a35a21\" data-element_type=\"section\">\n\t\t\t\t\t\t<div class=\"elementor-container elementor-column-gap-default\">\n\t\t\t\t\t<div class=\"elementor-column elementor-col-50 elementor-top-column elementor-element elementor-element-be5f7cf\" data-id=\"be5f7cf\" data-element_type=\"column\">\n\t\t\t<div class=\"elementor-widget-wrap elementor-element-populated\">\n\t\t\t\t\t\t<div class=\"elementor-element elementor-element-fd08dac elementor-widget__width-initial elementor-widget elementor-widget-image\" data-id=\"fd08dac\" data-element_type=\"widget\" data-widget_type=\"image.default\">\n\t\t\t\t<div class=\"elementor-widget-container\">\n\t\t\t\t\t\t\t\t\t\t\t\t<figure class=\"wp-caption\">\n\t\t\t\t\t\t\t\t\t\t<img fetchpriority=\"high\" decoding=\"async\" width=\"720\" height=\"720\" src=\"https:\/\/www.artmove-concept.com\/wp-content\/uploads\/2024\/06\/ART-MOVE-CONCEPT-NEWSLETTER-3-5.jpg\" class=\"attachment-full size-full wp-image-20752\" alt=\"\" srcset=\"https:\/\/www.artmove-concept.com\/wp-content\/uploads\/2024\/06\/ART-MOVE-CONCEPT-NEWSLETTER-3-5.jpg 720w, https:\/\/www.artmove-concept.com\/wp-content\/uploads\/2024\/06\/ART-MOVE-CONCEPT-NEWSLETTER-3-5-300x300.jpg 300w, https:\/\/www.artmove-concept.com\/wp-content\/uploads\/2024\/06\/ART-MOVE-CONCEPT-NEWSLETTER-3-5-150x150.jpg 150w, https:\/\/www.artmove-concept.com\/wp-content\/uploads\/2024\/06\/ART-MOVE-CONCEPT-NEWSLETTER-3-5-600x600.jpg 600w\" sizes=\"(max-width: 34.9rem) calc(100vw - 2rem), (max-width: 53rem) calc(8 * (100vw \/ 12)), (min-width: 53rem) calc(6 * (100vw \/ 12)), 100vw\" \/>\t\t\t\t\t\t\t\t\t\t\t<figcaption class=\"widget-image-caption wp-caption-text\">Exit on tour<\/figcaption>\n\t\t\t\t\t\t\t\t\t\t<\/figure>\n\t\t\t\t\t\t\t\t\t<\/div>\n\t\t\t\t<\/div>\n\t\t\t\t<div class=\"elementor-element elementor-element-fedba5b elementor-invisible elementor-widget elementor-widget-heading\" data-id=\"fedba5b\" data-element_type=\"widget\" data-settings=\"{&quot;_animation&quot;:&quot;fadeInUp&quot;}\" data-widget_type=\"heading.default\">\n\t\t\t\t<div class=\"elementor-widget-container\">\n\t\t\t\t\t<h2 class=\"elementor-heading-title elementor-size-default\">Action styles<\/h2>\t\t\t\t<\/div>\n\t\t\t\t<\/div>\n\t\t\t\t<div class=\"elementor-element elementor-element-0807caa elementor-widget elementor-widget-heading\" data-id=\"0807caa\" data-element_type=\"widget\" data-widget_type=\"heading.default\">\n\t\t\t\t<div class=\"elementor-widget-container\">\n\t\t\t\t\t<h4 class=\"elementor-heading-title elementor-size-default\">By Soria Rem and Mehdi Ouachek<\/h4>\t\t\t\t<\/div>\n\t\t\t\t<\/div>\n\t\t\t\t<div class=\"elementor-element elementor-element-8e214e6 elementor-widget elementor-widget-text-editor\" data-id=\"8e214e6\" data-element_type=\"widget\" data-widget_type=\"text-editor.default\">\n\t\t\t\t<div class=\"elementor-widget-container\">\n\t\t\t\t\t\t\t\t\t<h5>Initiation<\/h5>\n<p>Discover the different arts practiced by the company through playful<br \/>games and discover your own ability to integrate different<br \/>movement arts techniques.<\/p>\n<h5>The workshop<\/h5>\n<p>Technical and choreographic work involving the individual to progress and<br \/>blossom.<br \/>\nImprovisation on various musical themes<br \/>is also offered. <\/p>\n<h5>Interventions in schools<\/h5>\n<p>Within the framework of the project and the demands of the partner establishment,<br \/>compagnie prioritizes creative work and group cohesion, valuing<br \/>young people and making them responsible for their involvement within the<br \/>group.<br \/>\nThe social and cultural aspects of the project are highlighted by the artist&#8217;s<br \/>career path, and the importance of the links he or<br \/>she forges with the teaching staff and the group. <\/p>\n<h5>The creation<\/h5>\n<p>From amateurs to professionals, through choreographic and<br \/>stage work, the company makes available all the tools it uses to<br \/>create a show.<br \/>\nDepending on their level of expertise, individuals can learn<br \/>different aspects of the creative process, highlighting the different<br \/>paths and techniques used to stage a show. <\/p>\n<h5>Training the trainers<\/h5>\n<p>For teachers and professional dancers with whom<br \/>Soria and Mehdi share their pedagogical and artistic know-how.<br \/>Passing on and learning to pass on is at the heart of<br \/>compagnie&#8217;s project.<\/p>\n\t\t\t\t\t\t\t\t<\/div>\n\t\t\t\t<\/div>\n\t\t\t\t\t<\/div>\n\t\t<\/div>\n\t\t\t\t<div class=\"elementor-column elementor-col-50 elementor-top-column elementor-element elementor-element-16be6e9\" data-id=\"16be6e9\" data-element_type=\"column\">\n\t\t\t<div class=\"elementor-widget-wrap elementor-element-populated\">\n\t\t\t\t\t\t<div class=\"elementor-element elementor-element-0de9e57 elementor-invisible elementor-widget elementor-widget-heading\" data-id=\"0de9e57\" data-element_type=\"widget\" data-settings=\"{&quot;_animation&quot;:&quot;fadeInUp&quot;}\" data-widget_type=\"heading.default\">\n\t\t\t\t<div class=\"elementor-widget-container\">\n\t\t\t\t\t<h2 class=\"elementor-heading-title elementor-size-default\">Building self-confidence through movement and emotion<\/h2>\t\t\t\t<\/div>\n\t\t\t\t<\/div>\n\t\t\t\t<div class=\"elementor-element elementor-element-4e14265 elementor-widget elementor-widget-heading\" data-id=\"4e14265\" data-element_type=\"widget\" data-widget_type=\"heading.default\">\n\t\t\t\t<div class=\"elementor-widget-container\">\n\t\t\t\t\t<h4 class=\"elementor-heading-title elementor-size-default\">by Soria Rem and Mehdi Ouachek<\/h4>\t\t\t\t<\/div>\n\t\t\t\t<\/div>\n\t\t\t\t<div class=\"elementor-element elementor-element-eb40bcc elementor-widget elementor-widget-text-editor\" data-id=\"eb40bcc\" data-element_type=\"widget\" data-widget_type=\"text-editor.default\">\n\t\t\t\t<div class=\"elementor-widget-container\">\n\t\t\t\t\t\t\t\t\t<p>From initiation to choreographic creation, amateur, semi-professional or professional, we adapt and innovate in the transmission of each project, but above all, to the different bodies and physical capacities that we put into movement in a common work, without distinction of age or sex, taking great care of each participant.<\/p>\n<p>It is important to us that these times of shared creation enable<br \/>everyone, on an individual, personal and collective level, to&#8230;<\/p>\n<ul>\n<li>become aware of your body by daring to inhabit it and express your emotions<\/li>\n<li>gain involvement and self-confidence within the<br \/>group thanks to joint creative work,<\/li>\n<li>flourish in performance and stage presence through<br \/>movement,<\/li>\n<li>develop an awareness of musicality and listening through different<br \/>musical approaches and work themes linked to<br \/>movement,<\/li>\n<li>discover improvisational work that encompasses all these issues<\/li>\n<\/ul>\n\t\t\t\t\t\t\t\t<\/div>\n\t\t\t\t<\/div>\n\t\t\t\t<div class=\"elementor-element elementor-element-0ab926d elementor-widget elementor-widget-text-editor\" data-id=\"0ab926d\" data-element_type=\"widget\" data-widget_type=\"text-editor.default\">\n\t\t\t\t<div class=\"elementor-widget-container\">\n\t\t\t\t\t\t\t\t\t<blockquote>\n<h4><span style=\"color: #c75306;\">&#8220;Dance is a rare form of freedom&#8230;<\/span><br \/><span style=\"color: #c75306;\">In our workshops, we break codes and give everyone the freedom to express themselves through movement, and to enjoy it.<\/span><\/h4>\n<\/blockquote>\n\t\t\t\t\t\t\t\t<\/div>\n\t\t\t\t<\/div>\n\t\t\t\t<div class=\"elementor-element elementor-element-e5a40a7 elementor-widget elementor-widget-image\" data-id=\"e5a40a7\" data-element_type=\"widget\" data-widget_type=\"image.default\">\n\t\t\t\t<div class=\"elementor-widget-container\">\n\t\t\t\t\t\t\t\t\t\t\t\t\t\t\t<img decoding=\"async\" width=\"511\" height=\"285\" src=\"https:\/\/www.artmove-concept.com\/wp-content\/uploads\/2024\/06\/ART-MOVE-CONCEPT-NEWSLETTER-3-6.jpg\" class=\"attachment-large size-large wp-image-20753\" alt=\"\" srcset=\"https:\/\/www.artmove-concept.com\/wp-content\/uploads\/2024\/06\/ART-MOVE-CONCEPT-NEWSLETTER-3-6.jpg 511w, https:\/\/www.artmove-concept.com\/wp-content\/uploads\/2024\/06\/ART-MOVE-CONCEPT-NEWSLETTER-3-6-300x167.jpg 300w\" sizes=\"(max-width: 34.9rem) calc(100vw - 2rem), (max-width: 53rem) calc(8 * (100vw \/ 12)), (min-width: 53rem) calc(6 * (100vw \/ 12)), 100vw\" \/>\t\t\t\t\t\t\t\t\t\t\t\t\t\t\t<\/div>\n\t\t\t\t<\/div>\n\t\t\t\t<div class=\"elementor-element elementor-element-9ebfcc1 elementor-widget elementor-widget-text-editor\" data-id=\"9ebfcc1\" data-element_type=\"widget\" data-widget_type=\"text-editor.default\">\n\t\t\t\t<div class=\"elementor-widget-container\">\n\t\t\t\t\t\t\t\t\t<p><span style=\"text-decoration: underline;\"><strong>Our support :<\/strong><\/span> Drac \u00cele-de-France \/ R\u00e9gion \u00cele-de-France \/ Caisse des D\u00e9p\u00f4ts \/ Adami \/ Th\u00e9\u00e2tre-S\u00e9nart, Sc\u00e8ne nationale \/ Les G\u00e9meaux Sc\u00e8ne nationale, Sceaux \/ CCN de Cr\u00e9teil et du Val-de-Marne \/ Compagnie K\u00e4fig &#8211; direction Mourad Merzouki \/ CCN de La Rochelle &#8211; Cie Accrorap &#8211; direction Kader Attou \/ La Merise \u00e0 Trappes \/ La Manufacture \u00e0 Aix-en-Provence \/Caf\u00e9 Danses Bobby Sand \u00e0 Savigny-le-Temple \/ La Sc\u00e8ne du Loing \u00e0 Nemours \/ Le Plus Petit Cirque du Monde<\/p>\n\t\t\t\t\t\t\t\t<\/div>\n\t\t\t\t<\/div>\n\t\t\t\t\t<\/div>\n\t\t<\/div>\n\t\t\t\t\t<\/div>\n\t\t<\/section>\n\t\t\t\t<section class=\"elementor-section elementor-top-section elementor-element elementor-element-dd60b68 elementor-section-boxed elementor-section-height-default elementor-section-height-default\" data-id=\"dd60b68\" data-element_type=\"section\">\n\t\t\t\t\t\t<div class=\"elementor-container elementor-column-gap-default\">\n\t\t\t\t\t<div class=\"elementor-column elementor-col-100 elementor-top-column elementor-element elementor-element-e3f909d\" data-id=\"e3f909d\" data-element_type=\"column\">\n\t\t\t<div class=\"elementor-widget-wrap\">\n\t\t\t\t\t\t\t<\/div>\n\t\t<\/div>\n\t\t\t\t\t<\/div>\n\t\t<\/section>\n\t\t\t\t<\/div>\n\t\t","protected":false},"excerpt":{"rendered":"<p>CULTURAL ACTIONS Cultural activities for all audiences Soria and Mehdi are keenly aware of the need to pass on their work. In parallel with their shows, they carry out cultural mediation activities throughout the year with a variety of audiences: secondary school students, children, dancers in training, people with disabilities, the socially disadvantaged, people in [&hellip;]<\/p>\n","protected":false},"author":3,"featured_media":0,"parent":0,"menu_order":0,"comment_status":"closed","ping_status":"closed","template":"elementor_header_footer","meta":{"_acf_changed":false,"footnotes":""},"class_list":["post-20960","page","type-page","status-publish","hentry","entry"],"acf":[],"yoast_head":"<!-- This site is optimized with the Yoast SEO plugin v26.2 - https:\/\/yoast.com\/wordpress\/plugins\/seo\/ -->\n<title>Cultural activities - Art Move Concept - Compagnie de Danse<\/title>\n<meta name=\"robots\" content=\"index, follow, max-snippet:-1, max-image-preview:large, max-video-preview:-1\" \/>\n<link rel=\"canonical\" href=\"https:\/\/www.artmove-concept.com\/en\/cultural-activities\/\" \/>\n<meta property=\"og:locale\" content=\"en_US\" \/>\n<meta property=\"og:type\" content=\"article\" \/>\n<meta property=\"og:title\" content=\"Cultural activities - Art Move Concept - Compagnie de Danse\" \/>\n<meta property=\"og:description\" content=\"CULTURAL ACTIONS Cultural activities for all audiences Soria and Mehdi are keenly aware of the need to pass on their work. In parallel with their shows, they carry out cultural mediation activities throughout the year with a variety of audiences: secondary school students, children, dancers in training, people with disabilities, the socially disadvantaged, people in [&hellip;]\" \/>\n<meta property=\"og:url\" content=\"https:\/\/www.artmove-concept.com\/en\/cultural-activities\/\" \/>\n<meta property=\"og:site_name\" content=\"Art Move Concept - Compagnie de Danse\" \/>\n<meta property=\"article:modified_time\" content=\"2024-08-31T20:07:53+00:00\" \/>\n<meta property=\"og:image\" content=\"https:\/\/www.artmove-concept.com\/wp-content\/uploads\/2024\/06\/ART-MOVE-CONCEPT-NEWSLETTER-3-5.jpg\" \/>\n<meta name=\"twitter:card\" content=\"summary_large_image\" \/>\n<meta name=\"twitter:label1\" content=\"Est. reading time\" \/>\n\t<meta name=\"twitter:data1\" content=\"3 minutes\" \/>\n<script type=\"application\/ld+json\" class=\"yoast-schema-graph\">{\"@context\":\"https:\/\/schema.org\",\"@graph\":[{\"@type\":\"WebPage\",\"@id\":\"https:\/\/www.artmove-concept.com\/en\/cultural-activities\/\",\"url\":\"https:\/\/www.artmove-concept.com\/en\/cultural-activities\/\",\"name\":\"Cultural activities - Art Move Concept - Compagnie de Danse\",\"isPartOf\":{\"@id\":\"https:\/\/www.artmove-concept.com\/en\/#website\"},\"primaryImageOfPage\":{\"@id\":\"https:\/\/www.artmove-concept.com\/en\/cultural-activities\/#primaryimage\"},\"image\":{\"@id\":\"https:\/\/www.artmove-concept.com\/en\/cultural-activities\/#primaryimage\"},\"thumbnailUrl\":\"https:\/\/www.artmove-concept.com\/wp-content\/uploads\/2024\/06\/ART-MOVE-CONCEPT-NEWSLETTER-3-5.jpg\",\"datePublished\":\"2024-05-14T13:33:20+00:00\",\"dateModified\":\"2024-08-31T20:07:53+00:00\",\"breadcrumb\":{\"@id\":\"https:\/\/www.artmove-concept.com\/en\/cultural-activities\/#breadcrumb\"},\"inLanguage\":\"en-US\",\"potentialAction\":[{\"@type\":\"ReadAction\",\"target\":[\"https:\/\/www.artmove-concept.com\/en\/cultural-activities\/\"]}]},{\"@type\":\"ImageObject\",\"inLanguage\":\"en-US\",\"@id\":\"https:\/\/www.artmove-concept.com\/en\/cultural-activities\/#primaryimage\",\"url\":\"https:\/\/www.artmove-concept.com\/wp-content\/uploads\/2024\/06\/ART-MOVE-CONCEPT-NEWSLETTER-3-5.jpg\",\"contentUrl\":\"https:\/\/www.artmove-concept.com\/wp-content\/uploads\/2024\/06\/ART-MOVE-CONCEPT-NEWSLETTER-3-5.jpg\"},{\"@type\":\"BreadcrumbList\",\"@id\":\"https:\/\/www.artmove-concept.com\/en\/cultural-activities\/#breadcrumb\",\"itemListElement\":[{\"@type\":\"ListItem\",\"position\":1,\"name\":\"Home\"},{\"@type\":\"ListItem\",\"position\":2,\"name\":\"Cultural activities\"}]},{\"@type\":\"WebSite\",\"@id\":\"https:\/\/www.artmove-concept.com\/en\/#website\",\"url\":\"https:\/\/www.artmove-concept.com\/en\/\",\"name\":\"Art Move Concept - Compagnie de Danse\",\"description\":\"Compagnie de danse, cr\u00e9\u00e9e par Soria Rem et Mehdi Ouachek, deux danseurs pluridisciplinaires de renomm\u00e9e mondiale.\",\"publisher\":{\"@id\":\"https:\/\/www.artmove-concept.com\/en\/#organization\"},\"potentialAction\":[{\"@type\":\"SearchAction\",\"target\":{\"@type\":\"EntryPoint\",\"urlTemplate\":\"https:\/\/www.artmove-concept.com\/en\/?s={search_term_string}\"},\"query-input\":{\"@type\":\"PropertyValueSpecification\",\"valueRequired\":true,\"valueName\":\"search_term_string\"}}],\"inLanguage\":\"en-US\"},{\"@type\":\"Organization\",\"@id\":\"https:\/\/www.artmove-concept.com\/en\/#organization\",\"name\":\"Art Move Concept - Compagnie de Danse\",\"url\":\"https:\/\/www.artmove-concept.com\/en\/\",\"logo\":{\"@type\":\"ImageObject\",\"inLanguage\":\"en-US\",\"@id\":\"https:\/\/www.artmove-concept.com\/en\/#\/schema\/logo\/image\/\",\"url\":\"https:\/\/www.artmove-concept.com\/wp-content\/uploads\/2020\/08\/images.png\",\"contentUrl\":\"https:\/\/www.artmove-concept.com\/wp-content\/uploads\/2020\/08\/images.png\",\"width\":286,\"height\":176,\"caption\":\"Art Move Concept - Compagnie de Danse\"},\"image\":{\"@id\":\"https:\/\/www.artmove-concept.com\/en\/#\/schema\/logo\/image\/\"}}]}<\/script>\n<!-- \/ Yoast SEO plugin. -->","yoast_head_json":{"title":"Cultural activities - Art Move Concept - Compagnie de Danse","robots":{"index":"index","follow":"follow","max-snippet":"max-snippet:-1","max-image-preview":"max-image-preview:large","max-video-preview":"max-video-preview:-1"},"canonical":"https:\/\/www.artmove-concept.com\/en\/cultural-activities\/","og_locale":"en_US","og_type":"article","og_title":"Cultural activities - Art Move Concept - Compagnie de Danse","og_description":"CULTURAL ACTIONS Cultural activities for all audiences Soria and Mehdi are keenly aware of the need to pass on their work. In parallel with their shows, they carry out cultural mediation activities throughout the year with a variety of audiences: secondary school students, children, dancers in training, people with disabilities, the socially disadvantaged, people in [&hellip;]","og_url":"https:\/\/www.artmove-concept.com\/en\/cultural-activities\/","og_site_name":"Art Move Concept - Compagnie de Danse","article_modified_time":"2024-08-31T20:07:53+00:00","og_image":[{"url":"https:\/\/www.artmove-concept.com\/wp-content\/uploads\/2024\/06\/ART-MOVE-CONCEPT-NEWSLETTER-3-5.jpg","type":"","width":"","height":""}],"twitter_card":"summary_large_image","twitter_misc":{"Est. reading time":"3 minutes"},"schema":{"@context":"https:\/\/schema.org","@graph":[{"@type":"WebPage","@id":"https:\/\/www.artmove-concept.com\/en\/cultural-activities\/","url":"https:\/\/www.artmove-concept.com\/en\/cultural-activities\/","name":"Cultural activities - Art Move Concept - Compagnie de Danse","isPartOf":{"@id":"https:\/\/www.artmove-concept.com\/en\/#website"},"primaryImageOfPage":{"@id":"https:\/\/www.artmove-concept.com\/en\/cultural-activities\/#primaryimage"},"image":{"@id":"https:\/\/www.artmove-concept.com\/en\/cultural-activities\/#primaryimage"},"thumbnailUrl":"https:\/\/www.artmove-concept.com\/wp-content\/uploads\/2024\/06\/ART-MOVE-CONCEPT-NEWSLETTER-3-5.jpg","datePublished":"2024-05-14T13:33:20+00:00","dateModified":"2024-08-31T20:07:53+00:00","breadcrumb":{"@id":"https:\/\/www.artmove-concept.com\/en\/cultural-activities\/#breadcrumb"},"inLanguage":"en-US","potentialAction":[{"@type":"ReadAction","target":["https:\/\/www.artmove-concept.com\/en\/cultural-activities\/"]}]},{"@type":"ImageObject","inLanguage":"en-US","@id":"https:\/\/www.artmove-concept.com\/en\/cultural-activities\/#primaryimage","url":"https:\/\/www.artmove-concept.com\/wp-content\/uploads\/2024\/06\/ART-MOVE-CONCEPT-NEWSLETTER-3-5.jpg","contentUrl":"https:\/\/www.artmove-concept.com\/wp-content\/uploads\/2024\/06\/ART-MOVE-CONCEPT-NEWSLETTER-3-5.jpg"},{"@type":"BreadcrumbList","@id":"https:\/\/www.artmove-concept.com\/en\/cultural-activities\/#breadcrumb","itemListElement":[{"@type":"ListItem","position":1,"name":"Home"},{"@type":"ListItem","position":2,"name":"Cultural activities"}]},{"@type":"WebSite","@id":"https:\/\/www.artmove-concept.com\/en\/#website","url":"https:\/\/www.artmove-concept.com\/en\/","name":"Art Move Concept - Compagnie de Danse","description":"Compagnie de danse, cr\u00e9\u00e9e par Soria Rem et Mehdi Ouachek, deux danseurs pluridisciplinaires de renomm\u00e9e mondiale.","publisher":{"@id":"https:\/\/www.artmove-concept.com\/en\/#organization"},"potentialAction":[{"@type":"SearchAction","target":{"@type":"EntryPoint","urlTemplate":"https:\/\/www.artmove-concept.com\/en\/?s={search_term_string}"},"query-input":{"@type":"PropertyValueSpecification","valueRequired":true,"valueName":"search_term_string"}}],"inLanguage":"en-US"},{"@type":"Organization","@id":"https:\/\/www.artmove-concept.com\/en\/#organization","name":"Art Move Concept - Compagnie de Danse","url":"https:\/\/www.artmove-concept.com\/en\/","logo":{"@type":"ImageObject","inLanguage":"en-US","@id":"https:\/\/www.artmove-concept.com\/en\/#\/schema\/logo\/image\/","url":"https:\/\/www.artmove-concept.com\/wp-content\/uploads\/2020\/08\/images.png","contentUrl":"https:\/\/www.artmove-concept.com\/wp-content\/uploads\/2020\/08\/images.png","width":286,"height":176,"caption":"Art Move Concept - Compagnie de Danse"},"image":{"@id":"https:\/\/www.artmove-concept.com\/en\/#\/schema\/logo\/image\/"}}]}},"_links":{"self":[{"href":"https:\/\/www.artmove-concept.com\/en\/wp-json\/wp\/v2\/pages\/20960","targetHints":{"allow":["GET"]}}],"collection":[{"href":"https:\/\/www.artmove-concept.com\/en\/wp-json\/wp\/v2\/pages"}],"about":[{"href":"https:\/\/www.artmove-concept.com\/en\/wp-json\/wp\/v2\/types\/page"}],"author":[{"embeddable":true,"href":"https:\/\/www.artmove-concept.com\/en\/wp-json\/wp\/v2\/users\/3"}],"replies":[{"embeddable":true,"href":"https:\/\/www.artmove-concept.com\/en\/wp-json\/wp\/v2\/comments?post=20960"}],"version-history":[{"count":1,"href":"https:\/\/www.artmove-concept.com\/en\/wp-json\/wp\/v2\/pages\/20960\/revisions"}],"predecessor-version":[{"id":20962,"href":"https:\/\/www.artmove-concept.com\/en\/wp-json\/wp\/v2\/pages\/20960\/revisions\/20962"}],"wp:attachment":[{"href":"https:\/\/www.artmove-concept.com\/en\/wp-json\/wp\/v2\/media?parent=20960"}],"curies":[{"name":"wp","href":"https:\/\/api.w.org\/{rel}","templated":true}]}}