{"id":20956,"date":"2024-05-18T15:46:41","date_gmt":"2024-05-18T13:46:41","guid":{"rendered":"https:\/\/www.artmove-concept.com\/terms-of-use\/"},"modified":"2024-08-31T22:07:53","modified_gmt":"2024-08-31T20:07:53","slug":"terms-of-use","status":"publish","type":"page","link":"https:\/\/www.artmove-concept.com\/en\/terms-of-use\/","title":{"rendered":"Terms of use"},"content":{"rendered":"\t\t<div data-elementor-type=\"wp-page\" data-elementor-id=\"20956\" class=\"elementor elementor-20956 elementor-19441\" data-elementor-post-type=\"page\">\n\t\t\t\t\t\t<section class=\"elementor-section elementor-top-section elementor-element elementor-element-73543d4 elementor-section-content-middle elementor-section-boxed elementor-section-height-default elementor-section-height-default\" data-id=\"73543d4\" data-element_type=\"section\" data-settings=\"{&quot;background_background&quot;:&quot;classic&quot;}\">\n\t\t\t\t\t\t<div class=\"elementor-container elementor-column-gap-extended\">\n\t\t\t\t\t<div class=\"elementor-column elementor-col-100 elementor-top-column elementor-element elementor-element-ac6d6be\" data-id=\"ac6d6be\" data-element_type=\"column\" data-settings=\"{&quot;background_background&quot;:&quot;classic&quot;}\">\n\t\t\t<div class=\"elementor-widget-wrap elementor-element-populated\">\n\t\t\t\t\t\t<div class=\"elementor-element elementor-element-ba4e33e elementor-widget elementor-widget-heading\" data-id=\"ba4e33e\" data-element_type=\"widget\" data-widget_type=\"heading.default\">\n\t\t\t\t<div class=\"elementor-widget-container\">\n\t\t\t\t\t<h2 class=\"elementor-heading-title elementor-size-default\">Terms of use<\/h2>\t\t\t\t<\/div>\n\t\t\t\t<\/div>\n\t\t\t\t<div class=\"elementor-element elementor-element-4478da5 elementor-widget elementor-widget-text-editor\" data-id=\"4478da5\" data-element_type=\"widget\" data-widget_type=\"text-editor.default\">\n\t\t\t\t<div class=\"elementor-widget-container\">\n\t\t\t\t\t\t\t\t\t<div>\n<div>\n<div>\n<div>\n<div>\n<div>\n<div>\n<div>\n<div>\n<div>\n<p><strong>Edition:<\/strong> This site is edited by ART MOVE CONCEPT &#8211; 17 RUE DES FOUGERES 77140 SAINT-PIERRE-LES-NEMOURS<br>Email address: prod.artmoveconcept@gmail.com<br>Siret number: 79801899000019<br><br><strong>Publication manager:<\/strong> Soria REM<br><\/p>\n<p><strong>Design, production and webmastering <\/strong><strong>:<\/strong> <a title=\"Web agency Fontainebleau\" href=\"https:\/\/web.archive.org\/web\/20220528154928\/http:\/\/www.agence-nova.com\/\" target=\"_blank\" rel=\"noopener\">Agence Nova Fontainebleau<\/a><\/p>\n<p><strong>Photo credits:<\/strong> ART MOVE CONCEPT<\/p>\n<p><strong>Hosting provider : <\/strong>The Site is hosted by the company: OVH&nbsp; &#8211; Address&nbsp;: 2, rue Kellermann BP 80157 59053 ROUBAIX Cedex 1<br> Email:&nbsp;<a href=\"mailto:support@ovh.com\" data-slimstat=\"5\">support@ovh.com<\/a> | Tel.\nPhone number: +33 (0)8 203 203 63<br> Lille Trade and Companies Register number: B 424 761 419 <\/p>\n<p><strong>Reproduction rights:<\/strong> In application of the amended law n\u00b057-298 of March 11, 1957 on literary and artistic property (and in particular article 41) and the intellectual property code of July 1, 1992, all texts, illustrations, photographs, plans, animations, videos and sounds contained on this website may not be used or reproduced without obtaining the publisher&#8217;s authorization.\nFor all requests to reproduce or use elements contained on this website, please contact ART MOVE CONCEPT. <\/p>\n<p><strong>Responsibility for information on this site:<\/strong>&nbsp;ART MOVE CONCEPT updates this site without notice.\nART MOVE CONCEPT declines all responsibility for the use made of the information on this site.&nbsp;ART MOVE CONCEPT cannot be held responsible for the content of external links proposed on this site. <\/p>\n<\/div>\n<\/div>\n<\/div>\n<\/div>\n<\/div>\n<\/div>\n<\/div>\n<\/div>\n<\/div>\n<\/div>\t\t\t\t\t\t\t\t<\/div>\n\t\t\t\t<\/div>\n\t\t\t\t\t<\/div>\n\t\t<\/div>\n\t\t\t\t\t<\/div>\n\t\t<\/section>\n\t\t\t\t<\/div>\n\t\t","protected":false},"excerpt":{"rendered":"<p>Terms of use Edition: This site is edited by ART MOVE CONCEPT &#8211; 17 RUE DES FOUGERES 77140 SAINT-PIERRE-LES-NEMOURSEmail address: prod.artmoveconcept@gmail.comSiret number: 79801899000019 Publication manager: Soria REM Design, production and webmastering : Agence Nova Fontainebleau Photo credits: ART MOVE CONCEPT Hosting provider : The Site is hosted by the company: OVH&nbsp; &#8211; Address&nbsp;: 2, rue [&hellip;]<\/p>\n","protected":false},"author":1,"featured_media":0,"parent":0,"menu_order":0,"comment_status":"closed","ping_status":"closed","template":"elementor_header_footer","meta":{"_acf_changed":false,"footnotes":""},"class_list":["post-20956","page","type-page","status-publish","hentry","entry"],"acf":[],"yoast_head":"<!-- This site is optimized with the Yoast SEO plugin v26.2 - https:\/\/yoast.com\/wordpress\/plugins\/seo\/ -->\n<title>Terms of use - Art Move Concept - Compagnie de Danse<\/title>\n<meta name=\"robots\" content=\"index, follow, max-snippet:-1, max-image-preview:large, max-video-preview:-1\" \/>\n<link rel=\"canonical\" href=\"https:\/\/www.artmove-concept.com\/en\/terms-of-use\/\" \/>\n<meta property=\"og:locale\" content=\"en_US\" \/>\n<meta property=\"og:type\" content=\"article\" \/>\n<meta property=\"og:title\" content=\"Terms of use - Art Move Concept - Compagnie de Danse\" \/>\n<meta property=\"og:description\" content=\"Terms of use Edition: This site is edited by ART MOVE CONCEPT &#8211; 17 RUE DES FOUGERES 77140 SAINT-PIERRE-LES-NEMOURSEmail address: prod.artmoveconcept@gmail.comSiret number: 79801899000019 Publication manager: Soria REM Design, production and webmastering : Agence Nova Fontainebleau Photo credits: ART MOVE CONCEPT Hosting provider : The Site is hosted by the company: OVH&nbsp; &#8211; Address&nbsp;: 2, rue [&hellip;]\" \/>\n<meta property=\"og:url\" content=\"https:\/\/www.artmove-concept.com\/en\/terms-of-use\/\" \/>\n<meta property=\"og:site_name\" content=\"Art Move Concept - Compagnie de Danse\" \/>\n<meta property=\"article:modified_time\" content=\"2024-08-31T20:07:53+00:00\" \/>\n<meta name=\"twitter:card\" content=\"summary_large_image\" \/>\n<meta name=\"twitter:label1\" content=\"Est. reading time\" \/>\n\t<meta name=\"twitter:data1\" content=\"1 minute\" \/>\n<script type=\"application\/ld+json\" class=\"yoast-schema-graph\">{\"@context\":\"https:\/\/schema.org\",\"@graph\":[{\"@type\":\"WebPage\",\"@id\":\"https:\/\/www.artmove-concept.com\/en\/terms-of-use\/\",\"url\":\"https:\/\/www.artmove-concept.com\/en\/terms-of-use\/\",\"name\":\"Terms of use - Art Move Concept - Compagnie de Danse\",\"isPartOf\":{\"@id\":\"https:\/\/www.artmove-concept.com\/en\/#website\"},\"datePublished\":\"2024-05-18T13:46:41+00:00\",\"dateModified\":\"2024-08-31T20:07:53+00:00\",\"breadcrumb\":{\"@id\":\"https:\/\/www.artmove-concept.com\/en\/terms-of-use\/#breadcrumb\"},\"inLanguage\":\"en-US\",\"potentialAction\":[{\"@type\":\"ReadAction\",\"target\":[\"https:\/\/www.artmove-concept.com\/en\/terms-of-use\/\"]}]},{\"@type\":\"BreadcrumbList\",\"@id\":\"https:\/\/www.artmove-concept.com\/en\/terms-of-use\/#breadcrumb\",\"itemListElement\":[{\"@type\":\"ListItem\",\"position\":1,\"name\":\"Home\"},{\"@type\":\"ListItem\",\"position\":2,\"name\":\"Terms of use\"}]},{\"@type\":\"WebSite\",\"@id\":\"https:\/\/www.artmove-concept.com\/en\/#website\",\"url\":\"https:\/\/www.artmove-concept.com\/en\/\",\"name\":\"Art Move Concept - Compagnie de Danse\",\"description\":\"Compagnie de danse, cr\u00e9\u00e9e par Soria Rem et Mehdi Ouachek, deux danseurs pluridisciplinaires de renomm\u00e9e mondiale.\",\"publisher\":{\"@id\":\"https:\/\/www.artmove-concept.com\/en\/#organization\"},\"potentialAction\":[{\"@type\":\"SearchAction\",\"target\":{\"@type\":\"EntryPoint\",\"urlTemplate\":\"https:\/\/www.artmove-concept.com\/en\/?s={search_term_string}\"},\"query-input\":{\"@type\":\"PropertyValueSpecification\",\"valueRequired\":true,\"valueName\":\"search_term_string\"}}],\"inLanguage\":\"en-US\"},{\"@type\":\"Organization\",\"@id\":\"https:\/\/www.artmove-concept.com\/en\/#organization\",\"name\":\"Art Move Concept - Compagnie de Danse\",\"url\":\"https:\/\/www.artmove-concept.com\/en\/\",\"logo\":{\"@type\":\"ImageObject\",\"inLanguage\":\"en-US\",\"@id\":\"https:\/\/www.artmove-concept.com\/en\/#\/schema\/logo\/image\/\",\"url\":\"https:\/\/www.artmove-concept.com\/wp-content\/uploads\/2020\/08\/images.png\",\"contentUrl\":\"https:\/\/www.artmove-concept.com\/wp-content\/uploads\/2020\/08\/images.png\",\"width\":286,\"height\":176,\"caption\":\"Art Move Concept - Compagnie de Danse\"},\"image\":{\"@id\":\"https:\/\/www.artmove-concept.com\/en\/#\/schema\/logo\/image\/\"}}]}<\/script>\n<!-- \/ Yoast SEO plugin. -->","yoast_head_json":{"title":"Terms of use - Art Move Concept - Compagnie de Danse","robots":{"index":"index","follow":"follow","max-snippet":"max-snippet:-1","max-image-preview":"max-image-preview:large","max-video-preview":"max-video-preview:-1"},"canonical":"https:\/\/www.artmove-concept.com\/en\/terms-of-use\/","og_locale":"en_US","og_type":"article","og_title":"Terms of use - Art Move Concept - Compagnie de Danse","og_description":"Terms of use Edition: This site is edited by ART MOVE CONCEPT &#8211; 17 RUE DES FOUGERES 77140 SAINT-PIERRE-LES-NEMOURSEmail address: prod.artmoveconcept@gmail.comSiret number: 79801899000019 Publication manager: Soria REM Design, production and webmastering : Agence Nova Fontainebleau Photo credits: ART MOVE CONCEPT Hosting provider : The Site is hosted by the company: OVH&nbsp; &#8211; Address&nbsp;: 2, rue [&hellip;]","og_url":"https:\/\/www.artmove-concept.com\/en\/terms-of-use\/","og_site_name":"Art Move Concept - Compagnie de Danse","article_modified_time":"2024-08-31T20:07:53+00:00","twitter_card":"summary_large_image","twitter_misc":{"Est. reading time":"1 minute"},"schema":{"@context":"https:\/\/schema.org","@graph":[{"@type":"WebPage","@id":"https:\/\/www.artmove-concept.com\/en\/terms-of-use\/","url":"https:\/\/www.artmove-concept.com\/en\/terms-of-use\/","name":"Terms of use - Art Move Concept - Compagnie de Danse","isPartOf":{"@id":"https:\/\/www.artmove-concept.com\/en\/#website"},"datePublished":"2024-05-18T13:46:41+00:00","dateModified":"2024-08-31T20:07:53+00:00","breadcrumb":{"@id":"https:\/\/www.artmove-concept.com\/en\/terms-of-use\/#breadcrumb"},"inLanguage":"en-US","potentialAction":[{"@type":"ReadAction","target":["https:\/\/www.artmove-concept.com\/en\/terms-of-use\/"]}]},{"@type":"BreadcrumbList","@id":"https:\/\/www.artmove-concept.com\/en\/terms-of-use\/#breadcrumb","itemListElement":[{"@type":"ListItem","position":1,"name":"Home"},{"@type":"ListItem","position":2,"name":"Terms of use"}]},{"@type":"WebSite","@id":"https:\/\/www.artmove-concept.com\/en\/#website","url":"https:\/\/www.artmove-concept.com\/en\/","name":"Art Move Concept - Compagnie de Danse","description":"Compagnie de danse, cr\u00e9\u00e9e par Soria Rem et Mehdi Ouachek, deux danseurs pluridisciplinaires de renomm\u00e9e mondiale.","publisher":{"@id":"https:\/\/www.artmove-concept.com\/en\/#organization"},"potentialAction":[{"@type":"SearchAction","target":{"@type":"EntryPoint","urlTemplate":"https:\/\/www.artmove-concept.com\/en\/?s={search_term_string}"},"query-input":{"@type":"PropertyValueSpecification","valueRequired":true,"valueName":"search_term_string"}}],"inLanguage":"en-US"},{"@type":"Organization","@id":"https:\/\/www.artmove-concept.com\/en\/#organization","name":"Art Move Concept - Compagnie de Danse","url":"https:\/\/www.artmove-concept.com\/en\/","logo":{"@type":"ImageObject","inLanguage":"en-US","@id":"https:\/\/www.artmove-concept.com\/en\/#\/schema\/logo\/image\/","url":"https:\/\/www.artmove-concept.com\/wp-content\/uploads\/2020\/08\/images.png","contentUrl":"https:\/\/www.artmove-concept.com\/wp-content\/uploads\/2020\/08\/images.png","width":286,"height":176,"caption":"Art Move Concept - Compagnie de Danse"},"image":{"@id":"https:\/\/www.artmove-concept.com\/en\/#\/schema\/logo\/image\/"}}]}},"_links":{"self":[{"href":"https:\/\/www.artmove-concept.com\/en\/wp-json\/wp\/v2\/pages\/20956","targetHints":{"allow":["GET"]}}],"collection":[{"href":"https:\/\/www.artmove-concept.com\/en\/wp-json\/wp\/v2\/pages"}],"about":[{"href":"https:\/\/www.artmove-concept.com\/en\/wp-json\/wp\/v2\/types\/page"}],"author":[{"embeddable":true,"href":"https:\/\/www.artmove-concept.com\/en\/wp-json\/wp\/v2\/users\/1"}],"replies":[{"embeddable":true,"href":"https:\/\/www.artmove-concept.com\/en\/wp-json\/wp\/v2\/comments?post=20956"}],"version-history":[{"count":1,"href":"https:\/\/www.artmove-concept.com\/en\/wp-json\/wp\/v2\/pages\/20956\/revisions"}],"predecessor-version":[{"id":20958,"href":"https:\/\/www.artmove-concept.com\/en\/wp-json\/wp\/v2\/pages\/20956\/revisions\/20958"}],"wp:attachment":[{"href":"https:\/\/www.artmove-concept.com\/en\/wp-json\/wp\/v2\/media?parent=20956"}],"curies":[{"name":"wp","href":"https:\/\/api.w.org\/{rel}","templated":true}]}}